{"id":56,"date":"2024-02-08T08:11:09","date_gmt":"2024-02-08T08:11:09","guid":{"rendered":"http:\/\/monbullhome.com\/home\/"},"modified":"2026-02-13T12:20:54","modified_gmt":"2026-02-13T12:20:54","slug":"monbullhome","status":"publish","type":"page","link":"https:\/\/monbull.com\/homes\/","title":{"rendered":"Monbull Homes | Inicio"},"content":{"rendered":"\t\t<div data-elementor-type=\"wp-page\" data-elementor-id=\"56\" class=\"elementor elementor-56\" data-elementor-post-type=\"page\">\n\t\t\t\t<div class=\"elementor-element elementor-element-2829d26 e-con-full e-flex wpr-particle-no wpr-jarallax-no wpr-parallax-no wpr-sticky-section-no e-con e-parent\" data-id=\"2829d26\" data-element_type=\"container\" data-settings=\"{&quot;background_background&quot;:&quot;classic&quot;}\">\n\t\t<div class=\"elementor-element elementor-element-0291a12 e-flex e-con-boxed wpr-particle-no wpr-jarallax-no wpr-parallax-no wpr-sticky-section-no e-con e-child\" data-id=\"0291a12\" data-element_type=\"container\">\n\t\t\t\t\t<div class=\"e-con-inner\">\n\t\t\t\t<div class=\"elementor-element elementor-element-c76638d elementor-widget elementor-widget-heading\" data-id=\"c76638d\" data-element_type=\"widget\" data-widget_type=\"heading.default\">\n\t\t\t\t<div class=\"elementor-widget-container\">\n\t\t\t\t\t<h1 class=\"elementor-heading-title elementor-size-default\">monbull homes<\/h1>\t\t\t\t<\/div>\n\t\t\t\t<\/div>\n\t\t\t\t<div class=\"elementor-element elementor-element-c668189 elementor-widget elementor-widget-text-editor\" data-id=\"c668189\" data-element_type=\"widget\" data-widget_type=\"text-editor.default\">\n\t\t\t\t<div class=\"elementor-widget-container\">\n\t\t\t\t\t\t\t\t\t<p><span style=\"letter-spacing: 0px;\">Materiales nobles, armon\u00eda, dise\u00f1o mediterr\u00e1neo reinterpretado y una visi\u00f3n clara: los espacios deben emocionar. En Monbull Homes, la belleza y la funcionalidad dialogan para dar vida a lugares que impulsan proyectos y conectan personas.<\/span><\/p>\t\t\t\t\t\t\t\t<\/div>\n\t\t\t\t<\/div>\n\t\t\t\t\t<\/div>\n\t\t\t\t<\/div>\n\t\t\t\t<\/div>\n\t\t<div class=\"elementor-element elementor-element-ff6d077 e-con-full e-flex wpr-particle-no wpr-jarallax-no wpr-parallax-no wpr-sticky-section-no e-con e-parent\" data-id=\"ff6d077\" data-element_type=\"container\">\n\t\t<div class=\"elementor-element elementor-element-cffda6e e-con-full e-flex wpr-particle-no wpr-jarallax-no wpr-parallax-no wpr-sticky-section-no e-con e-child\" data-id=\"cffda6e\" data-element_type=\"container\" data-settings=\"{&quot;background_background&quot;:&quot;classic&quot;}\">\n\t\t<div class=\"elementor-element elementor-element-0e479e7 e-con-full e-flex wpr-particle-no wpr-jarallax-no wpr-parallax-no wpr-sticky-section-no e-con e-child\" data-id=\"0e479e7\" data-element_type=\"container\">\n\t\t<div class=\"elementor-element elementor-element-2143cfc e-con-full e-flex wpr-particle-no wpr-jarallax-no wpr-parallax-no wpr-sticky-section-no e-con e-child\" data-id=\"2143cfc\" data-element_type=\"container\" data-settings=\"{&quot;background_background&quot;:&quot;classic&quot;}\">\n\t\t<div class=\"elementor-element elementor-element-0604025 e-flex e-con-boxed wpr-particle-no wpr-jarallax-no wpr-parallax-no wpr-sticky-section-no e-con e-child\" data-id=\"0604025\" data-element_type=\"container\">\n\t\t\t\t\t<div class=\"e-con-inner\">\n\t\t<div class=\"elementor-element elementor-element-d899c1f e-con-full e-flex wpr-particle-no wpr-jarallax-no wpr-parallax-no wpr-sticky-section-no e-con e-child\" data-id=\"d899c1f\" data-element_type=\"container\">\n\t\t\t\t<div class=\"elementor-element elementor-element-d7527a1 elementor-widget elementor-widget-heading\" data-id=\"d7527a1\" data-element_type=\"widget\" data-widget_type=\"heading.default\">\n\t\t\t\t<div class=\"elementor-widget-container\">\n\t\t\t\t\t<h2 class=\"elementor-heading-title elementor-size-default\">HOGARES QUE <br> <I>INSPIRAN<\/I><\/h2>\t\t\t\t<\/div>\n\t\t\t\t<\/div>\n\t\t\t\t<\/div>\n\t\t<div class=\"elementor-element elementor-element-d854463 e-flex e-con-boxed wpr-particle-no wpr-jarallax-no wpr-parallax-no wpr-sticky-section-no e-con e-child\" data-id=\"d854463\" data-element_type=\"container\">\n\t\t\t\t\t<div class=\"e-con-inner\">\n\t\t\t\t<div class=\"elementor-element elementor-element-55e365f elementor-widget elementor-widget-text-editor\" data-id=\"55e365f\" data-element_type=\"widget\" data-widget_type=\"text-editor.default\">\n\t\t\t\t<div class=\"elementor-widget-container\">\n\t\t\t\t\t\t\t\t\t<p>Monbull Homes no es solo un espacio: es una sensaci\u00f3n. La calma que invita a pensar. La est\u00e9tica que despierta. La luz que acompa\u00f1a. Aqu\u00ed, cada rinc\u00f3n est\u00e1 creado para que las ideas encuentren un hogar que las haga crecer.<\/p>\t\t\t\t\t\t\t\t<\/div>\n\t\t\t\t<\/div>\n\t\t\t\t\t<\/div>\n\t\t\t\t<\/div>\n\t\t\t\t\t<\/div>\n\t\t\t\t<\/div>\n\t\t\t\t<\/div>\n\t\t\t\t<\/div>\n\t\t\t\t<\/div>\n\t\t\t\t<\/div>\n\t\t<div class=\"elementor-element elementor-element-781de3a e-con-full e-flex wpr-particle-no wpr-jarallax-no wpr-parallax-no wpr-sticky-section-no e-con e-parent\" data-id=\"781de3a\" data-element_type=\"container\" data-settings=\"{&quot;background_background&quot;:&quot;classic&quot;}\">\n\t\t<div class=\"elementor-element elementor-element-6090eef e-flex e-con-boxed wpr-particle-no wpr-jarallax-no wpr-parallax-no wpr-sticky-section-no e-con e-child\" data-id=\"6090eef\" data-element_type=\"container\" data-settings=\"{&quot;background_background&quot;:&quot;classic&quot;}\">\n\t\t\t\t\t<div class=\"e-con-inner\">\n\t\t\t\t\t<\/div>\n\t\t\t\t<\/div>\n\t\t<div class=\"elementor-element elementor-element-9edabbb e-flex e-con-boxed wpr-particle-no wpr-jarallax-no wpr-parallax-no wpr-sticky-section-no e-con e-child\" data-id=\"9edabbb\" data-element_type=\"container\">\n\t\t\t\t\t<div class=\"e-con-inner\">\n\t\t\t\t<div class=\"elementor-element elementor-element-21f767a elementor-cta--skin-cover elementor-animated-content elementor-bg-transform elementor-bg-transform-zoom-in elementor-widget elementor-widget-call-to-action\" data-id=\"21f767a\" data-element_type=\"widget\" data-widget_type=\"call-to-action.default\">\n\t\t\t\t<div class=\"elementor-widget-container\">\n\t\t\t\t\t\t\t<div class=\"elementor-cta\">\n\t\t\t\t\t<div class=\"elementor-cta__bg-wrapper\">\n\t\t\t\t<div class=\"elementor-cta__bg elementor-bg\" style=\"background-image: url(https:\/\/monbull.com\/homes\/wp-content\/uploads\/2025\/12\/Patios-Planta-Baja_28-683x1024.jpg);\" role=\"img\" aria-label=\"Materiales nobles y dise\u00f1o mediterr\u00e1neo reinterpretado en un espacio armonioso y luminoso.\"><\/div>\n\t\t\t\t<div class=\"elementor-cta__bg-overlay\"><\/div>\n\t\t\t<\/div>\n\t\t\t\t\t\t\t<div class=\"elementor-cta__content\">\n\t\t\t\t\n\t\t\t\t\t\t\t\t\t<h2 class=\"elementor-cta__title elementor-cta__content-item elementor-content-item elementor-animated-item--shrink\">\n\t\t\t\t\t\tel Puerto de santa mar\u00eda\t\t\t\t\t<\/h2>\n\t\t\t\t\n\t\t\t\t\n\t\t\t\t\t\t\t\t\t<div class=\"elementor-cta__button-wrapper elementor-cta__content-item elementor-content-item elementor-animated-item--shrink\">\n\t\t\t\t\t<a class=\"elementor-cta__button elementor-button elementor-size-\" href=\"https:\/\/monbull.com\/homes\/casa-el-puerto-de-santa-maria\/\">\n\t\t\t\t\t\tVer m\u00e1s\t\t\t\t\t<\/a>\n\t\t\t\t\t<\/div>\n\t\t\t\t\t\t\t<\/div>\n\t\t\t\t\t\t<\/div>\n\t\t\t\t\t\t<\/div>\n\t\t\t\t<\/div>\n\t\t\t\t\t<\/div>\n\t\t\t\t<\/div>\n\t\t<div class=\"elementor-element elementor-element-3efb664 e-flex e-con-boxed wpr-particle-no wpr-jarallax-no wpr-parallax-no wpr-sticky-section-no e-con e-child\" data-id=\"3efb664\" data-element_type=\"container\">\n\t\t\t\t\t<div class=\"e-con-inner\">\n\t\t\t\t\t<\/div>\n\t\t\t\t<\/div>\n\t\t\t\t<\/div>\n\t\t<div class=\"elementor-element elementor-element-7278e00 e-con-full e-flex wpr-particle-no wpr-jarallax-no wpr-parallax-no wpr-sticky-section-no e-con e-parent\" data-id=\"7278e00\" data-element_type=\"container\" data-settings=\"{&quot;background_background&quot;:&quot;classic&quot;}\">\n\t\t<div class=\"elementor-element elementor-element-b047d5e e-flex e-con-boxed wpr-particle-no wpr-jarallax-no wpr-parallax-no wpr-sticky-section-no e-con e-child\" data-id=\"b047d5e\" data-element_type=\"container\">\n\t\t\t\t\t<div class=\"e-con-inner\">\n\t\t\t\t<div class=\"elementor-element elementor-element-f1bb7c1 elementor-hidden-mobile elementor-widget elementor-widget-image\" data-id=\"f1bb7c1\" data-element_type=\"widget\" data-widget_type=\"image.default\">\n\t\t\t\t<div class=\"elementor-widget-container\">\n\t\t\t\t\t\t\t\t\t\t\t\t\t\t\t<img fetchpriority=\"high\" decoding=\"async\" width=\"683\" height=\"1024\" src=\"https:\/\/monbull.com\/homes\/wp-content\/uploads\/2025\/12\/Cocina_19-683x1024.jpg\" class=\"attachment-large size-large wp-image-5063\" alt=\"Cocina Monbull homes\" srcset=\"https:\/\/monbull.com\/homes\/wp-content\/uploads\/2025\/12\/Cocina_19-683x1024.jpg 683w, https:\/\/monbull.com\/homes\/wp-content\/uploads\/2025\/12\/Cocina_19-200x300.jpg 200w, https:\/\/monbull.com\/homes\/wp-content\/uploads\/2025\/12\/Cocina_19-768x1152.jpg 768w, https:\/\/monbull.com\/homes\/wp-content\/uploads\/2025\/12\/Cocina_19-1024x1536.jpg 1024w, https:\/\/monbull.com\/homes\/wp-content\/uploads\/2025\/12\/Cocina_19-1365x2048.jpg 1365w, https:\/\/monbull.com\/homes\/wp-content\/uploads\/2025\/12\/Cocina_19-scaled.jpg 1707w\" sizes=\"(max-width: 683px) 100vw, 683px\" \/>\t\t\t\t\t\t\t\t\t\t\t\t\t\t\t<\/div>\n\t\t\t\t<\/div>\n\t\t\t\t\t<\/div>\n\t\t\t\t<\/div>\n\t\t<div class=\"elementor-element elementor-element-b7e706e e-flex e-con-boxed wpr-particle-no wpr-jarallax-no wpr-parallax-no wpr-sticky-section-no e-con e-child\" data-id=\"b7e706e\" data-element_type=\"container\">\n\t\t\t\t\t<div class=\"e-con-inner\">\n\t\t\t\t<div class=\"elementor-element elementor-element-4656f13 elementor-hidden-mobile elementor-widget elementor-widget-image\" data-id=\"4656f13\" data-element_type=\"widget\" data-widget_type=\"image.default\">\n\t\t\t\t<div class=\"elementor-widget-container\">\n\t\t\t\t\t\t\t\t\t\t\t\t\t\t\t<img decoding=\"async\" width=\"683\" height=\"1024\" src=\"https:\/\/monbull.com\/homes\/wp-content\/uploads\/2025\/12\/COCINA-19-ESCALA-683x1024.png\" class=\"attachment-large size-large wp-image-5066\" alt=\"Sal\u00f3n Monbull homes\" srcset=\"https:\/\/monbull.com\/homes\/wp-content\/uploads\/2025\/12\/COCINA-19-ESCALA-683x1024.png 683w, https:\/\/monbull.com\/homes\/wp-content\/uploads\/2025\/12\/COCINA-19-ESCALA-200x300.png 200w, https:\/\/monbull.com\/homes\/wp-content\/uploads\/2025\/12\/COCINA-19-ESCALA-768x1152.png 768w, https:\/\/monbull.com\/homes\/wp-content\/uploads\/2025\/12\/COCINA-19-ESCALA-1024x1536.png 1024w, https:\/\/monbull.com\/homes\/wp-content\/uploads\/2025\/12\/COCINA-19-ESCALA-1366x2048.png 1366w, https:\/\/monbull.com\/homes\/wp-content\/uploads\/2025\/12\/COCINA-19-ESCALA.png 1707w\" sizes=\"(max-width: 683px) 100vw, 683px\" \/>\t\t\t\t\t\t\t\t\t\t\t\t\t\t\t<\/div>\n\t\t\t\t<\/div>\n\t\t\t\t\t<\/div>\n\t\t\t\t<\/div>\n\t\t<div class=\"elementor-element elementor-element-bef81da e-flex e-con-boxed wpr-particle-no wpr-jarallax-no wpr-parallax-no wpr-sticky-section-no e-con e-child\" data-id=\"bef81da\" data-element_type=\"container\">\n\t\t\t\t\t<div class=\"e-con-inner\">\n\t\t\t\t<div class=\"elementor-element elementor-element-5ed69cb elementor-widget elementor-widget-image\" data-id=\"5ed69cb\" data-element_type=\"widget\" data-widget_type=\"image.default\">\n\t\t\t\t<div class=\"elementor-widget-container\">\n\t\t\t\t\t\t\t\t\t\t\t\t\t\t\t<img decoding=\"async\" width=\"683\" height=\"1024\" src=\"https:\/\/monbull.com\/homes\/wp-content\/uploads\/2025\/12\/Salon_03-683x1024.jpg\" class=\"attachment-large size-large wp-image-5061\" alt=\"Salon Monbull Homes\" srcset=\"https:\/\/monbull.com\/homes\/wp-content\/uploads\/2025\/12\/Salon_03-683x1024.jpg 683w, https:\/\/monbull.com\/homes\/wp-content\/uploads\/2025\/12\/Salon_03-200x300.jpg 200w, https:\/\/monbull.com\/homes\/wp-content\/uploads\/2025\/12\/Salon_03-768x1152.jpg 768w, https:\/\/monbull.com\/homes\/wp-content\/uploads\/2025\/12\/Salon_03-1024x1536.jpg 1024w, https:\/\/monbull.com\/homes\/wp-content\/uploads\/2025\/12\/Salon_03-1365x2048.jpg 1365w, https:\/\/monbull.com\/homes\/wp-content\/uploads\/2025\/12\/Salon_03-scaled.jpg 1707w\" sizes=\"(max-width: 683px) 100vw, 683px\" \/>\t\t\t\t\t\t\t\t\t\t\t\t\t\t\t<\/div>\n\t\t\t\t<\/div>\n\t\t\t\t\t<\/div>\n\t\t\t\t<\/div>\n\t\t<div class=\"elementor-element elementor-element-d388c59 e-flex e-con-boxed wpr-particle-no wpr-jarallax-no wpr-parallax-no wpr-sticky-section-no e-con e-child\" data-id=\"d388c59\" data-element_type=\"container\">\n\t\t\t\t\t<div class=\"e-con-inner\">\n\t\t\t\t<div class=\"elementor-element elementor-element-24763bb elementor-widget elementor-widget-image\" data-id=\"24763bb\" data-element_type=\"widget\" data-widget_type=\"image.default\">\n\t\t\t\t<div class=\"elementor-widget-container\">\n\t\t\t\t\t\t\t\t\t\t\t\t\t\t\t<img loading=\"lazy\" decoding=\"async\" width=\"683\" height=\"1024\" src=\"https:\/\/monbull.com\/homes\/wp-content\/uploads\/2025\/12\/Terraza-y-Vistas_50-683x1024.jpg\" class=\"attachment-large size-large wp-image-5062\" alt=\"Terraza y vistas Monbull Homes\" srcset=\"https:\/\/monbull.com\/homes\/wp-content\/uploads\/2025\/12\/Terraza-y-Vistas_50-683x1024.jpg 683w, https:\/\/monbull.com\/homes\/wp-content\/uploads\/2025\/12\/Terraza-y-Vistas_50-200x300.jpg 200w, https:\/\/monbull.com\/homes\/wp-content\/uploads\/2025\/12\/Terraza-y-Vistas_50-768x1152.jpg 768w, https:\/\/monbull.com\/homes\/wp-content\/uploads\/2025\/12\/Terraza-y-Vistas_50-1024x1536.jpg 1024w, https:\/\/monbull.com\/homes\/wp-content\/uploads\/2025\/12\/Terraza-y-Vistas_50-1365x2048.jpg 1365w, https:\/\/monbull.com\/homes\/wp-content\/uploads\/2025\/12\/Terraza-y-Vistas_50-scaled.jpg 1707w\" sizes=\"(max-width: 683px) 100vw, 683px\" \/>\t\t\t\t\t\t\t\t\t\t\t\t\t\t\t<\/div>\n\t\t\t\t<\/div>\n\t\t\t\t\t<\/div>\n\t\t\t\t<\/div>\n\t\t\t\t<\/div>\n\t\t\t\t<\/div>\n\t\t","protected":false},"excerpt":{"rendered":"<p>monbull homes Materiales nobles, armon\u00eda, dise\u00f1o mediterr\u00e1neo reinterpretado y una visi\u00f3n clara: los espacios deben emocionar. En Monbull Homes, la belleza y la funcionalidad dialogan para dar vida a lugares que impulsan proyectos y conectan personas. HOGARES QUE INSPIRAN Monbull Homes no es solo un espacio: es una sensaci\u00f3n. La calma que invita a pensar. [&hellip;]<\/p>\n","protected":false},"author":1,"featured_media":0,"parent":0,"menu_order":0,"comment_status":"closed","ping_status":"closed","template":"elementor_header_footer","meta":{"_joinchat":[],"footnotes":""},"class_list":["post-56","page","type-page","status-publish","hentry"],"aioseo_notices":[],"_links":{"self":[{"href":"https:\/\/monbull.com\/homes\/wp-json\/wp\/v2\/pages\/56","targetHints":{"allow":["GET"]}}],"collection":[{"href":"https:\/\/monbull.com\/homes\/wp-json\/wp\/v2\/pages"}],"about":[{"href":"https:\/\/monbull.com\/homes\/wp-json\/wp\/v2\/types\/page"}],"author":[{"embeddable":true,"href":"https:\/\/monbull.com\/homes\/wp-json\/wp\/v2\/users\/1"}],"replies":[{"embeddable":true,"href":"https:\/\/monbull.com\/homes\/wp-json\/wp\/v2\/comments?post=56"}],"version-history":[{"count":899,"href":"https:\/\/monbull.com\/homes\/wp-json\/wp\/v2\/pages\/56\/revisions"}],"predecessor-version":[{"id":5200,"href":"https:\/\/monbull.com\/homes\/wp-json\/wp\/v2\/pages\/56\/revisions\/5200"}],"wp:attachment":[{"href":"https:\/\/monbull.com\/homes\/wp-json\/wp\/v2\/media?parent=56"}],"curies":[{"name":"wp","href":"https:\/\/api.w.org\/{rel}","templated":true}]}}